{"id":1137,"date":"2024-10-22T09:22:29","date_gmt":"2024-10-22T03:22:29","guid":{"rendered":"https:\/\/staging.hotelcasaantigua.com\/?page_id=1137"},"modified":"2024-10-22T09:22:29","modified_gmt":"2024-10-22T03:22:29","slug":"terraza","status":"publish","type":"page","link":"https:\/\/hotelcasaantigua.com\/?page_id=1137","title":{"rendered":"Terraza"},"content":{"rendered":"<h2 style=\"text-align: justify;\">TERRAZA<\/h2>\n<p>Nuestra privilegiada ubicaci\u00f3n nos permite tener una impresionantes vista desde nuestra terraza de los templos emblem\u00e1ticos de nuestro Centro Hist\u00f3rico.<\/p>\n<p>&nbsp;<\/p>\n<p style=\"text-align: center;\"><style type=\"text\/css\" scoped>.rbs_gallery_69e43f7c4c882Spinner{\r\n\t\t\t\tmargin: 50px auto;\r\n\t\t\t\twidth: 50px;\r\n\t\t\t\theight: 40px;\r\n\t\t\t\ttext-align: center;\r\n\t\t\t\tfont-size: 10px;\r\n\t\t\t}\r\n\t\t\t.rbs_gallery_69e43f7c4c882Spinner > div{\r\n\t\t\t  background-color: #333;\r\n\t\t\t  height: 100%;\r\n\t\t\t  width: 6px;\r\n\t\t\t  display: inline-block;\r\n\t\t\t  -webkit-animation: rbs_gallery_69e43f7c4c882-stretchdelay 1.2s infinite ease-in-out;\r\n\t\t\t  animation: rbs_gallery_69e43f7c4c882-stretchdelay 1.2s infinite ease-in-out;\r\n\t\t\t}\r\n\t\t\t.rbs_gallery_69e43f7c4c882Spinner .rbs_gallery_69e43f7c4c882Rect2 {\r\n\t\t\t  -webkit-animation-delay: -1.1s;\r\n\t\t\t  animation-delay: -1.1s;\r\n\t\t\t}\r\n\t\t\t.rbs_gallery_69e43f7c4c882Spinner .rbs_gallery_69e43f7c4c882Rect3 {\r\n\t\t\t  -webkit-animation-delay: -1.0s;\r\n\t\t\t  animation-delay: -1.0s;\r\n\t\t\t}\r\n\t\t\t.rbs_gallery_69e43f7c4c882Spinner .rbs_gallery_69e43f7c4c882Rect4 {\r\n\t\t\t  -webkit-animation-delay: -0.9s;\r\n\t\t\t  animation-delay: -0.9s;\r\n\t\t\t}\r\n\t\t\t.rbs_gallery_69e43f7c4c882Spinner .rbs_gallery_69e43f7c4c882Rect5 {\r\n\t\t\t  -webkit-animation-delay: -0.8s;\r\n\t\t\t  animation-delay: -0.8s;\r\n\t\t\t}\r\n\t\t\t@-webkit-keyframes rbs_gallery_69e43f7c4c882-stretchdelay {\r\n\t\t\t  0%, 40%, 100% { -webkit-transform: scaleY(0.4) }  \r\n\t\t\t  20% { -webkit-transform: scaleY(1.0) }\r\n\t\t\t}\r\n\t\t\t@keyframes rbs_gallery_69e43f7c4c882-stretchdelay {\r\n\t\t\t  0%, 40%, 100% { \r\n\t\t\t    transform: scaleY(0.4);\r\n\t\t\t    -webkit-transform: scaleY(0.4);\r\n\t\t\t  }  20% { \r\n\t\t\t    transform: scaleY(1.0);\r\n\t\t\t    -webkit-transform: scaleY(1.0);\r\n\t\t\t  }\r\n\t\t\t}\r\n\t\t<\/style><div class=\"robo-gallery-wrap robo-gallery-wrap-id1118 robo-gallery-mosaic\" ><div id=\"rbs_gallery_69e43f7c4c882-block-loader\" class=\"rbs_gallery_69e43f7c4c882Spinner\"><div class=\"rbs_gallery_69e43f7c4c882Rect1\"><\/div> <div class=\"rbs_gallery_69e43f7c4c882Rect2\"><\/div> <div class=\"rbs_gallery_69e43f7c4c882Rect3\"><\/div> <div class=\"rbs_gallery_69e43f7c4c882Rect4\"><\/div> <div class=\"rbs_gallery_69e43f7c4c882Rect5\"><\/div><\/div><div id=\"robo_gallery_main_block_rbs_gallery_69e43f7c4c882\" class=\"robogallery-gallery-1118\" style=\"width:100%;  display: none;\"><div id=\"rbs_gallery_69e43f7c4c882\" data-options=\"rbs_gallery_69e43f7c4c882\" style=\"width:100%;\" class=\"robo_gallery  \"><div class=\"rbs-img  category1118 \"  data-columns=\"4\" ><div class=\"rbs-img-image   rbs-lightbox \" ><div class=\"rbs-img-thumbs\"  data-thumbnail=\"https:\/\/hotelcasaantigua.com\/wp-content\/uploads\/2024\/10\/CASAANTIGUA_2024-13-1-1024x683.jpg\"  title=\"CASAANTIGUA_2024-13\"  data-width=\"780\"  data-height=\"520\" ><\/div><div class=\"rbs-img-data-popup\"  data-popup=\"https:\/\/hotelcasaantigua.com\/wp-content\/uploads\/2024\/10\/CASAANTIGUA_2024-13-1-scaled.jpg\"  title=\"CASAANTIGUA_2024-13\" ><\/div><div class=\"thumbnail-overlay\"><div class=\"rbsIcons\"><i class=\"fa fa-image rbsZoomIcon \" ><\/i><\/div><\/div><\/div><\/div><div class=\"rbs-img  category1118 \" ><div class=\"rbs-img-image   rbs-lightbox \" ><div class=\"rbs-img-thumbs\"  data-thumbnail=\"https:\/\/hotelcasaantigua.com\/wp-content\/uploads\/2024\/10\/CASAANTIGUA_2024-14-1024x683.jpg\"  title=\"CASAANTIGUA_2024-14\"  data-width=\"780\"  data-height=\"520\" ><\/div><div class=\"rbs-img-data-popup\"  data-popup=\"https:\/\/hotelcasaantigua.com\/wp-content\/uploads\/2024\/10\/CASAANTIGUA_2024-14-scaled.jpg\"  title=\"CASAANTIGUA_2024-14\" ><\/div><div class=\"thumbnail-overlay\"><div class=\"rbsIcons\"><i class=\"fa fa-image rbsZoomIcon \" ><\/i><\/div><\/div><\/div><\/div><div class=\"rbs-img  category1118 \" ><div class=\"rbs-img-image   rbs-lightbox \" ><div class=\"rbs-img-thumbs\"  data-thumbnail=\"https:\/\/hotelcasaantigua.com\/wp-content\/uploads\/2024\/10\/CASAANTIGUA-70-1-683x1024.jpg\"  title=\"CASAANTIGUA-70\"  data-width=\"683\"  data-height=\"1024\" ><\/div><div class=\"rbs-img-data-popup\"  data-popup=\"https:\/\/hotelcasaantigua.com\/wp-content\/uploads\/2024\/10\/CASAANTIGUA-70-1-scaled.jpg\"  title=\"CASAANTIGUA-70\" ><\/div><div class=\"thumbnail-overlay\"><div class=\"rbsIcons\"><i class=\"fa fa-image rbsZoomIcon \" ><\/i><\/div><\/div><\/div><\/div><div class=\"rbs-img  category1118 \" ><div class=\"rbs-img-image   rbs-lightbox \" ><div class=\"rbs-img-thumbs\"  data-thumbnail=\"https:\/\/hotelcasaantigua.com\/wp-content\/uploads\/2024\/10\/CASAANTIGUA-71-819x1024.jpg\"  title=\"CASAANTIGUA-71\"  data-width=\"780\"  data-height=\"975\" ><\/div><div class=\"rbs-img-data-popup\"  data-popup=\"https:\/\/hotelcasaantigua.com\/wp-content\/uploads\/2024\/10\/CASAANTIGUA-71-scaled.jpg\"  title=\"CASAANTIGUA-71\" ><\/div><div class=\"thumbnail-overlay\"><div class=\"rbsIcons\"><i class=\"fa fa-image rbsZoomIcon \" ><\/i><\/div><\/div><\/div><\/div><div class=\"rbs-img  category1118 \"  data-columns=\"3\" ><div class=\"rbs-img-image   rbs-lightbox \" ><div class=\"rbs-img-thumbs\"  data-thumbnail=\"https:\/\/hotelcasaantigua.com\/wp-content\/uploads\/2024\/10\/CASAANTIGUA-73-1024x683.jpg\"  title=\"CASAANTIGUA-73\"  data-width=\"780\"  data-height=\"520\" ><\/div><div class=\"rbs-img-data-popup\"  data-popup=\"https:\/\/hotelcasaantigua.com\/wp-content\/uploads\/2024\/10\/CASAANTIGUA-73-scaled.jpg\"  title=\"CASAANTIGUA-73\" ><\/div><div class=\"thumbnail-overlay\"><div class=\"rbsIcons\"><i class=\"fa fa-image rbsZoomIcon \" ><\/i><\/div><\/div><\/div><\/div><div class=\"rbs-img  category1118 \" ><div class=\"rbs-img-image   rbs-lightbox \" ><div class=\"rbs-img-thumbs\"  data-thumbnail=\"https:\/\/hotelcasaantigua.com\/wp-content\/uploads\/2024\/10\/CASAANTIGUA-75-1024x683.jpg\"  title=\"CASAANTIGUA-75\"  data-width=\"780\"  data-height=\"520\" ><\/div><div class=\"rbs-img-data-popup\"  data-popup=\"https:\/\/hotelcasaantigua.com\/wp-content\/uploads\/2024\/10\/CASAANTIGUA-75-scaled.jpg\"  title=\"CASAANTIGUA-75\" ><\/div><div class=\"thumbnail-overlay\"><div class=\"rbsIcons\"><i class=\"fa fa-image rbsZoomIcon \" ><\/i><\/div><\/div><\/div><\/div><div class=\"rbs-img  category1118 \" ><div class=\"rbs-img-image   rbs-lightbox \" ><div class=\"rbs-img-thumbs\"  data-thumbnail=\"https:\/\/hotelcasaantigua.com\/wp-content\/uploads\/2024\/10\/CASAANTIGUA-76-682x1024.jpg\"  title=\"CASAANTIGUA-76\"  data-width=\"682\"  data-height=\"1024\" ><\/div><div class=\"rbs-img-data-popup\"  data-popup=\"https:\/\/hotelcasaantigua.com\/wp-content\/uploads\/2024\/10\/CASAANTIGUA-76-scaled.jpg\"  title=\"CASAANTIGUA-76\" ><\/div><div class=\"thumbnail-overlay\"><div class=\"rbsIcons\"><i class=\"fa fa-image rbsZoomIcon \" ><\/i><\/div><\/div><\/div><\/div><div class=\"rbs-img  category1118 \" ><div class=\"rbs-img-image   rbs-lightbox \" ><div class=\"rbs-img-thumbs\"  data-thumbnail=\"https:\/\/hotelcasaantigua.com\/wp-content\/uploads\/2024\/10\/CASAANTIGUA-77-1024x682.jpg\"  title=\"CASAANTIGUA-77\"  data-width=\"780\"  data-height=\"519\" ><\/div><div class=\"rbs-img-data-popup\"  data-popup=\"https:\/\/hotelcasaantigua.com\/wp-content\/uploads\/2024\/10\/CASAANTIGUA-77-scaled.jpg\"  title=\"CASAANTIGUA-77\" ><\/div><div class=\"thumbnail-overlay\"><div class=\"rbsIcons\"><i class=\"fa fa-image rbsZoomIcon \" ><\/i><\/div><\/div><\/div><\/div><div class=\"rbs-img  category1118 \" ><div class=\"rbs-img-image   rbs-lightbox \" ><div class=\"rbs-img-thumbs\"  data-thumbnail=\"https:\/\/hotelcasaantigua.com\/wp-content\/uploads\/2024\/10\/CASAANTIGUA-80-1024x768.jpg\"  title=\"default\"  data-width=\"780\"  data-height=\"585\" ><\/div><div class=\"rbs-img-data-popup\"  data-popup=\"https:\/\/hotelcasaantigua.com\/wp-content\/uploads\/2024\/10\/CASAANTIGUA-80-scaled.jpg\"  title=\"default\" ><\/div><div class=\"thumbnail-overlay\"><div class=\"rbsIcons\"><i class=\"fa fa-image rbsZoomIcon \" ><\/i><\/div><\/div><\/div><\/div><div class=\"rbs-img  category1118 \"  data-columns=\"2\" ><div class=\"rbs-img-image   rbs-lightbox \" ><div class=\"rbs-img-thumbs\"  data-thumbnail=\"https:\/\/hotelcasaantigua.com\/wp-content\/uploads\/2024\/10\/terraza-final-1024x683.jpg\"  title=\"terraza-final\"  data-width=\"780\"  data-height=\"520\" ><\/div><div class=\"rbs-img-data-popup\"  data-popup=\"https:\/\/hotelcasaantigua.com\/wp-content\/uploads\/2024\/10\/terraza-final-scaled.jpg\"  title=\"terraza-final\" ><\/div><div class=\"thumbnail-overlay\"><div class=\"rbsIcons\"><i class=\"fa fa-image rbsZoomIcon \" ><\/i><\/div><\/div><\/div><\/div><div class=\"rbs-img  category1118 \" ><div class=\"rbs-img-image   rbs-lightbox \" ><div class=\"rbs-img-thumbs\"  data-thumbnail=\"https:\/\/hotelcasaantigua.com\/wp-content\/uploads\/2024\/10\/CASAANTIGUA-74terraFin-1024x683.jpg\"  title=\"CASAANTIGUA-74terraFin\"  data-width=\"780\"  data-height=\"520\" ><\/div><div class=\"rbs-img-data-popup\"  data-popup=\"https:\/\/hotelcasaantigua.com\/wp-content\/uploads\/2024\/10\/CASAANTIGUA-74terraFin-scaled.jpg\"  title=\"CASAANTIGUA-74terraFin\" ><\/div><div class=\"thumbnail-overlay\"><div class=\"rbsIcons\"><i class=\"fa fa-image rbsZoomIcon \" ><\/i><\/div><\/div><\/div><\/div><div class=\"rbs-img  category1118 \" ><div class=\"rbs-img-image   rbs-lightbox \" ><div class=\"rbs-img-thumbs\"  data-thumbnail=\"https:\/\/hotelcasaantigua.com\/wp-content\/uploads\/2024\/10\/CASAANTIGUA-84tfinal-1024x683.jpg\"  title=\"CASAANTIGUA-84tfinal\"  data-width=\"780\"  data-height=\"520\" ><\/div><div class=\"rbs-img-data-popup\"  data-popup=\"https:\/\/hotelcasaantigua.com\/wp-content\/uploads\/2024\/10\/CASAANTIGUA-84tfinal-scaled.jpg\"  title=\"CASAANTIGUA-84tfinal\" ><\/div><div class=\"thumbnail-overlay\"><div class=\"rbsIcons\"><i class=\"fa fa-image rbsZoomIcon \" ><\/i><\/div><\/div><\/div><\/div><\/div><\/div><\/div><script>var rbs_gallery_69e43f7c4c882 = {\"version\":\"5.1.4\",\"id\":1118,\"class\":\"id1118\",\"roboGalleryDelay\":1000,\"mainContainer\":\"#robo_gallery_main_block_rbs_gallery_69e43f7c4c882\",\"loadingContainer\":\"#rbs_gallery_69e43f7c4c882-block-loader\",\"loadingContainerObj\":\"rbs_gallery_69e43f7c4c882-block-loader\",\"columnWidth\":\"auto\",\"columns\":8,\"resolutions\":[{\"columnWidth\":\"auto\",\"columns\":3,\"maxWidth\":960},{\"columnWidth\":\"auto\",\"columns\":2,\"maxWidth\":650},{\"columnWidth\":\"auto\",\"columns\":1,\"maxWidth\":450}],\"lightboxOptions\":{\"gallery\":{\"enabled\":true,\"tCounter\":\"%curr% of %total%\"}},\"borderSize\":5,\"overlayEffect\":\"direction-aware-fade\",\"boxesToLoadStart\":20,\"boxesToLoad\":8,\"waitUntilThumbLoads\":1,\"LoadingWord\":\"Loading...\",\"loadMoreWord\":\"Load More\",\"noMoreEntriesWord\":\"No More Entries\",\"horizontalSpaceBetweenBoxes\":15,\"verticalSpaceBetweenBoxes\":15,\"lazyLoad\":1,\"wrapContainer\":\"#robo-gallery-wrap-rbs_gallery_69e43f7c4c882\"};<\/script><\/p>\n<p>&nbsp;<\/p>\n<div class=\"img-box\" style=\"text-align: justify;\"><\/div>\n<div class=\"img-box\" style=\"text-align: justify;\">\n<p align=\"justify\">\n<\/div>\n","protected":false},"excerpt":{"rendered":"<p>TERRAZA Nuestra privilegiada ubicaci\u00f3n nos permite tener una impresionantes vista desde nuestra terraza de los templos emblem\u00e1ticos de nuestro Centro Hist\u00f3rico. &nbsp; &nbsp;<\/p>\n","protected":false},"author":3,"featured_media":1105,"parent":0,"menu_order":0,"comment_status":"closed","ping_status":"closed","template":"","meta":{"two_page_speed":[],"_joinchat":[],"footnotes":""},"class_list":["post-1137","page","type-page","status-publish","has-post-thumbnail","hentry"],"_links":{"self":[{"href":"https:\/\/hotelcasaantigua.com\/index.php?rest_route=\/wp\/v2\/pages\/1137"}],"collection":[{"href":"https:\/\/hotelcasaantigua.com\/index.php?rest_route=\/wp\/v2\/pages"}],"about":[{"href":"https:\/\/hotelcasaantigua.com\/index.php?rest_route=\/wp\/v2\/types\/page"}],"author":[{"embeddable":true,"href":"https:\/\/hotelcasaantigua.com\/index.php?rest_route=\/wp\/v2\/users\/3"}],"replies":[{"embeddable":true,"href":"https:\/\/hotelcasaantigua.com\/index.php?rest_route=%2Fwp%2Fv2%2Fcomments&post=1137"}],"version-history":[{"count":1,"href":"https:\/\/hotelcasaantigua.com\/index.php?rest_route=\/wp\/v2\/pages\/1137\/revisions"}],"predecessor-version":[{"id":1139,"href":"https:\/\/hotelcasaantigua.com\/index.php?rest_route=\/wp\/v2\/pages\/1137\/revisions\/1139"}],"wp:featuredmedia":[{"embeddable":true,"href":"https:\/\/hotelcasaantigua.com\/index.php?rest_route=\/wp\/v2\/media\/1105"}],"wp:attachment":[{"href":"https:\/\/hotelcasaantigua.com\/index.php?rest_route=%2Fwp%2Fv2%2Fmedia&parent=1137"}],"curies":[{"name":"wp","href":"https:\/\/api.w.org\/{rel}","templated":true}]}}