{"id":746,"date":"2022-12-06T06:33:47","date_gmt":"2022-12-06T00:33:47","guid":{"rendered":"https:\/\/hotelcasaantigua.com\/?page_id=746"},"modified":"2025-04-09T00:29:45","modified_gmt":"2025-04-08T18:29:45","slug":"reservar","status":"publish","type":"page","link":"https:\/\/hotelcasaantigua.com\/?page_id=746","title":{"rendered":"Reservar"},"content":{"rendered":"<p style=\"text-align: center;\"><strong>POL\u00cdTICA DE RESERVACI\u00d3N<\/strong><\/p>\r\n<ul>\r\n<li>Se requiere el pago de la primera noche al momento de hacer la reservaci\u00f3n por medio de una tarjeta de cr\u00e9dito o d\u00e9bito visa, mastercard o american express; o bien por medio de un dep\u00f3sito o transferencia electr\u00f3nica a la cuenta bancaria:\r\n<ol class=\"info-list\">\r\n<li style=\"list-style-type: none;\">\r\n<h5><strong>OPERADORA TURISTICA A.C.A. S.A. DE C.V.<\/strong><\/h5>\r\n<\/li>\r\n<li style=\"list-style-type: none;\">\r\n<h5><strong>Banco: SANTANDER S.A.<\/strong>\u00a0<\/h5>\r\n<\/li>\r\n<li style=\"list-style-type: none;\">\u00a0 \u00a0 \u00a0 \u00a0 \u00a0\r\n<ol class=\"info-list\" style=\"text-align: left;\">Enviar la ficha de dep\u00f3sito v\u00eda e-mail a administracion@hotelcasaantigua.com<\/ol>\r\n<ol class=\"info-list\" style=\"text-align: justify;\">CLABE: 014610655065192027<\/ol>\r\n<ol class=\"info-list\">Cuenta: 65506519202<\/ol>\r\n<ol class=\"info-list\">Sucursal: 5364<\/ol>\r\n<\/li>\r\n<\/ol>\r\n<\/li>\r\n<\/ul>\r\n<ol class=\"info-list\" style=\"text-align: justify;\">\r\n<li style=\"list-style-type: none;\">\r\n<ol>\r\n<li style=\"list-style-type: none;\">\r\n<ol class=\"info-list\" style=\"text-align: justify;\">\r\n<li style=\"list-style-type: none;\">Desde el interior de la Rep\u00fablica marque:<\/li>\r\n<li style=\"list-style-type: none;\">(951) 50- 112-40<\/li>\r\n<li style=\"list-style-type: none;\">Desde fuera del pa\u00eds marque:<\/li>\r\n<li style=\"list-style-type: none;\">+ 52 (951) 50-112-40<\/li>\r\n<\/ol>\r\n<\/li>\r\n<\/ol>\r\n<\/li>\r\n<li style=\"list-style-type: none;\">\u00a0<\/li>\r\n<\/ol>\r\n<ul class=\"info-list\" style=\"text-align: justify;\">\r\n<li style=\"list-style-type: none; text-align: center;\">\r\n<h3><strong>POL\u00cdTICA DE CANCELACI\u00d3N<\/strong><\/h3>\r\n<\/li>\r\n<li>\r\n<p>Si ya realiz\u00f3 el pago para garantizar su reservaci\u00f3n y desea cancelar su viaje, se le devuelve el 100% del cargo que se le realiz\u00f3 a su tarjeta o el dep\u00f3sito si cancela con 7 d\u00edas o m\u00e1s de anticipaci\u00f3n. Si su cancelaci\u00f3n se realiza con menos de 7 d\u00edas de su fecha de reservaci\u00f3n no procede devoluci\u00f3n alguna.<\/p>\r\n<\/li>\r\n<\/ul>\r\n<h3 style=\"text-align: center;\"><strong>POL\u00cdTICA DE ESTAD\u00cdA<\/strong><\/h3>\r\n<ul>\r\n<li>Durante su estancia se requiere de una garant\u00eda por alg\u00fan da\u00f1o o p\u00e9rdida que pudiera haber en su habitaci\u00f3n al hacer el check out y esta puede ser dejando un voucher abierto o un dep\u00f3sito en efectivo.<\/li>\r\n<li>El hotel es 100% libre de humo y en las habitaciones no se permite fumar, si usted hace caso omiso a esta pol\u00edtica por penalizaci\u00f3n se le realizar\u00e1 un cargo a su tarjeta.<\/li>\r\n<li>No se aceptan mascotas.<\/li>\r\n<li>No se aceptan ni\u00f1os menores de 12 a\u00f1os<\/li>\r\n<li>Check in 15:00 hrs y Check out 12:00 hrs<\/li>\r\n<\/ul>\r\n<p>&nbsp;<\/p>\r\n\r\n<a href=\"https:\/\/booking.roomcloud.net\/be\/se2\/hotel.jsp?hotel=17445\" target=\"_blank\" class=\" magee-shortcode magee-btn-normal button-47212r btn-rounded btn-lg btn-3d\" id=\"\">\u00a1RESERVA AHORA!<\/a>\r\n\r\n\r\n\r\n<p>&nbsp;<\/p>\r\n","protected":false},"excerpt":{"rendered":"<p>POL\u00cdTICA DE RESERVACI\u00d3N Se requiere el pago de la primera noche al momento de hacer la reservaci\u00f3n por medio de una tarjeta de cr\u00e9dito o d\u00e9bito visa, mastercard o american express; o bien por medio de un dep\u00f3sito o transferencia electr\u00f3nica a la cuenta bancaria: OPERADORA TURISTICA A.C.A. S.A. DE C.V. Banco: SANTANDER S.A.\u00a0 \u00a0 &hellip; <\/p>\n","protected":false},"author":3,"featured_media":927,"parent":0,"menu_order":0,"comment_status":"closed","ping_status":"closed","template":"","meta":{"two_page_speed":[],"_joinchat":[],"footnotes":""},"class_list":["post-746","page","type-page","status-publish","has-post-thumbnail","hentry"],"_links":{"self":[{"href":"https:\/\/hotelcasaantigua.com\/index.php?rest_route=\/wp\/v2\/pages\/746"}],"collection":[{"href":"https:\/\/hotelcasaantigua.com\/index.php?rest_route=\/wp\/v2\/pages"}],"about":[{"href":"https:\/\/hotelcasaantigua.com\/index.php?rest_route=\/wp\/v2\/types\/page"}],"author":[{"embeddable":true,"href":"https:\/\/hotelcasaantigua.com\/index.php?rest_route=\/wp\/v2\/users\/3"}],"replies":[{"embeddable":true,"href":"https:\/\/hotelcasaantigua.com\/index.php?rest_route=%2Fwp%2Fv2%2Fcomments&post=746"}],"version-history":[{"count":16,"href":"https:\/\/hotelcasaantigua.com\/index.php?rest_route=\/wp\/v2\/pages\/746\/revisions"}],"predecessor-version":[{"id":1232,"href":"https:\/\/hotelcasaantigua.com\/index.php?rest_route=\/wp\/v2\/pages\/746\/revisions\/1232"}],"wp:featuredmedia":[{"embeddable":true,"href":"https:\/\/hotelcasaantigua.com\/index.php?rest_route=\/wp\/v2\/media\/927"}],"wp:attachment":[{"href":"https:\/\/hotelcasaantigua.com\/index.php?rest_route=%2Fwp%2Fv2%2Fmedia&parent=746"}],"curies":[{"name":"wp","href":"https:\/\/api.w.org\/{rel}","templated":true}]}}