{"id":933,"date":"2024-09-17T00:09:29","date_gmt":"2024-09-16T18:09:29","guid":{"rendered":"https:\/\/staging.hotelcasaantigua.com\/?page_id=933"},"modified":"2024-12-04T01:26:28","modified_gmt":"2024-12-03T19:26:28","slug":"hotel-casa-antigua-oaxaca-tiene-muchos-encantos","status":"publish","type":"page","link":"https:\/\/hotelcasaantigua.com\/","title":{"rendered":"Hotel Casa Antigua . Oaxaca tiene muchos encantos"},"content":{"rendered":"<p><iframe loading=\"lazy\" title=\"Hotel Casa Antigua\" width=\"780\" height=\"439\" src=\"https:\/\/www.youtube.com\/embed\/zjpRSQ7TMIk?feature=oembed\" frameborder=\"0\" allow=\"accelerometer; autoplay; clipboard-write; encrypted-media; gyroscope; picture-in-picture; web-share\" referrerpolicy=\"strict-origin-when-cross-origin\" allowfullscreen><\/iframe><\/p>\n<p style=\"text-align: center;\"><a href=\"https:\/\/booking.roomcloud.net\/be\/se2\/hotel.jsp?hotel=17445\" target=\"_blank\" class=\" magee-shortcode magee-btn-normal button-fxyykq btn-square btn-md btn-3d\" id=\"\">\u00a1RESERVA YA!<\/a><\/p>\n<h4 style=\"text-align: center;\"><em><strong>\u00a1Un estado lleno de tradici\u00f3n, m\u00fasica, alegr\u00eda y sabor!<\/strong><\/em><\/h4>\n<p style=\"text-align: justify;\">Viaje a trav\u00e9s del tiempo y descubra cada uno de sus encantos en nuestras 8 regiones que le dan vida y color a esta gran ciudad\u2026.<\/p>\n<p style=\"text-align: justify;\">Viva la mejor experiencia y sienta el calor de hogar en:<\/p>\n<h4 style=\"text-align: center;\"><strong>HOTEL CASA ANTIGUA<\/strong><\/h4>\n<p>&nbsp;<\/p>\n<p style=\"text-align: justify;\">Donde encontrar\u00e1 la magia de sus leyendas, el encanto de sus rincones que hacen que el\u00a0<strong>Hotel Casa Antigua<\/strong>\u00a0sea un lugar \u00fanico y diferente, donde se funde una arquitectura moderna con el estilo colonial del siglo XIX, decorada con gusto y delicadeza a fin de mantener el patrimonio hist\u00f3rico,\u00a0 proporcionando comodidad y satisfacci\u00f3n a nuestros visitantes.<\/p>\n<p style=\"text-align: justify;\">Este hotel, le ofrece 14 habitaciones de lujo, 1 Master Suite y 1 Master Suite con terraza donde los sue\u00f1os se hacen realidad, contamos con un \u00e1rea de restaurante donde el color y el sabor se hacen presente para ofrecer los mejores desayunos de Oaxaca.<\/p>\n<p style=\"text-align: justify;\">Disfrute desde la mejor vista de Oaxaca en nuestra hermosa terraza\u00a0 acompa\u00f1ado de su bebida favorita.<\/p>\n","protected":false},"excerpt":{"rendered":"<p>\u00a1Un estado lleno de tradici\u00f3n, m\u00fasica, alegr\u00eda y sabor! Viaje a trav\u00e9s del tiempo y descubra cada uno de sus encantos en nuestras 8 regiones que le dan vida y color a esta gran ciudad\u2026. Viva la mejor experiencia y sienta el calor de hogar en: HOTEL CASA ANTIGUA &nbsp; Donde encontrar\u00e1 la magia de &hellip; <\/p>\n","protected":false},"author":3,"featured_media":0,"parent":0,"menu_order":0,"comment_status":"closed","ping_status":"closed","template":"","meta":{"two_page_speed":[],"_joinchat":[],"footnotes":""},"class_list":["post-933","page","type-page","status-publish","hentry"],"_links":{"self":[{"href":"https:\/\/hotelcasaantigua.com\/index.php?rest_route=\/wp\/v2\/pages\/933"}],"collection":[{"href":"https:\/\/hotelcasaantigua.com\/index.php?rest_route=\/wp\/v2\/pages"}],"about":[{"href":"https:\/\/hotelcasaantigua.com\/index.php?rest_route=\/wp\/v2\/types\/page"}],"author":[{"embeddable":true,"href":"https:\/\/hotelcasaantigua.com\/index.php?rest_route=\/wp\/v2\/users\/3"}],"replies":[{"embeddable":true,"href":"https:\/\/hotelcasaantigua.com\/index.php?rest_route=%2Fwp%2Fv2%2Fcomments&post=933"}],"version-history":[{"count":14,"href":"https:\/\/hotelcasaantigua.com\/index.php?rest_route=\/wp\/v2\/pages\/933\/revisions"}],"predecessor-version":[{"id":1227,"href":"https:\/\/hotelcasaantigua.com\/index.php?rest_route=\/wp\/v2\/pages\/933\/revisions\/1227"}],"wp:attachment":[{"href":"https:\/\/hotelcasaantigua.com\/index.php?rest_route=%2Fwp%2Fv2%2Fmedia&parent=933"}],"curies":[{"name":"wp","href":"https:\/\/api.w.org\/{rel}","templated":true}]}}